{"id":26,"date":"2024-03-29T11:06:23","date_gmt":"2024-03-29T10:06:23","guid":{"rendered":"https:\/\/ergo-vannes.fr\/?page_id=26"},"modified":"2024-10-15T15:46:23","modified_gmt":"2024-10-15T13:46:23","slug":"adultes","status":"publish","type":"page","link":"https:\/\/ergo-vannes.fr\/index.php\/adultes\/","title":{"rendered":"Adultes"},"content":{"rendered":"\n<div class=\"wp-block-cover alignfull is-light\" style=\"min-height:350px;aspect-ratio:unset;\"><span aria-hidden=\"true\" class=\"wp-block-cover__background has-background-dim\"><\/span><img loading=\"lazy\" decoding=\"async\" width=\"1500\" height=\"1000\" class=\"wp-block-cover__image-background wp-image-99\" alt=\"\" src=\"https:\/\/ergo-vannes.fr\/wp-content\/uploads\/2024\/04\/2149091479.jpg\" data-object-fit=\"cover\" srcset=\"https:\/\/ergo-vannes.fr\/wp-content\/uploads\/2024\/04\/2149091479.jpg 1500w, https:\/\/ergo-vannes.fr\/wp-content\/uploads\/2024\/04\/2149091479-300x200.jpg 300w, https:\/\/ergo-vannes.fr\/wp-content\/uploads\/2024\/04\/2149091479-1024x683.jpg 1024w, https:\/\/ergo-vannes.fr\/wp-content\/uploads\/2024\/04\/2149091479-768x512.jpg 768w\" sizes=\"auto, (max-width: 1500px) 100vw, 1500px\" \/><div class=\"wp-block-cover__inner-container has-global-padding is-layout-constrained wp-container-core-cover-is-layout-4383d167 wp-block-cover-is-layout-constrained\">\n<h2 class=\"wp-block-heading has-text-align-center has-text-color has-link-color has-suranna-font-family wp-elements-669a1f31497904ad1df5b9fdbdf54a3c\" style=\"color:#ffffff;font-size:clamp(33.419px, 2.089rem + ((1vw - 3.2px) * 3.021), 60px);font-style:normal;font-weight:500\">Revitalisez<\/h2>\n<\/div><\/div>\n\n\n\n<div class=\"wp-block-group alignfull has-global-padding is-layout-constrained wp-container-core-group-is-layout-4383d167 wp-block-group-is-layout-constrained\">\n<div class=\"wp-block-group alignwide has-global-padding is-layout-constrained wp-container-core-group-is-layout-3dead192 wp-block-group-is-layout-constrained\" style=\"margin-top:0;margin-bottom:0;padding-top:80px;padding-bottom:80px\">\n<div class=\"wp-block-columns alignwide is-layout-flex wp-container-core-columns-is-layout-9cf8123d wp-block-columns-is-layout-flex\">\n<div class=\"wp-block-column is-layout-flow wp-block-column-is-layout-flow\">\n<figure class=\"wp-block-image size-large\"><img loading=\"lazy\" decoding=\"async\" width=\"1024\" height=\"576\" src=\"https:\/\/ergo-vannes.fr\/wp-content\/uploads\/2024\/04\/adulte-balle-1024x576.jpg\" alt=\"\" class=\"wp-image-101\" style=\"aspect-ratio:4\/3;object-fit:cover\" srcset=\"https:\/\/ergo-vannes.fr\/wp-content\/uploads\/2024\/04\/adulte-balle-1024x576.jpg 1024w, https:\/\/ergo-vannes.fr\/wp-content\/uploads\/2024\/04\/adulte-balle-300x169.jpg 300w, https:\/\/ergo-vannes.fr\/wp-content\/uploads\/2024\/04\/adulte-balle-768x432.jpg 768w, https:\/\/ergo-vannes.fr\/wp-content\/uploads\/2024\/04\/adulte-balle-1536x864.jpg 1536w, https:\/\/ergo-vannes.fr\/wp-content\/uploads\/2024\/04\/adulte-balle-2048x1152.jpg 2048w\" sizes=\"auto, (max-width: 1024px) 100vw, 1024px\" \/><\/figure>\n<\/div>\n\n\n\n<div class=\"wp-block-column is-vertically-aligned-center is-layout-flow wp-block-column-is-layout-flow\" style=\"padding-left:15px\">\n<h2 class=\"wp-block-heading has-text-color has-link-color has-suranna-font-family wp-elements-832bf68e5f2b3d689e0f94b3a328f600\" style=\"color:#000000;font-size:clamp(32.518px, 2.032rem + ((1vw - 3.2px) * 2.896), 58px);font-style:normal;font-weight:500;line-height:0.7\">Adultes<\/h2>\n\n\n\n<p class=\"has-text-color has-link-color has-outfit-font-family wp-elements-28398acf5bd8470cbee26bfd4eb453e3\" style=\"color:#000000;font-size:clamp(14px, 0.875rem + ((1vw - 3.2px) * 0.455), 18px);font-style:normal;font-weight:400\">Consulter un ergoth\u00e9rapeute \u00e0 l&rsquo;\u00e2ge adulte peut \u00eatre utile pour surmonter des <strong>difficult\u00e9s li\u00e9es \u00e0 la mobilit\u00e9 ou des troubles cognitifs<\/strong> qui affectent la vie quotidienne ou professionnelle. L&rsquo;ergoth\u00e9rapie aide \u00e0 <strong>retrouver ou maintenir l&rsquo;autonomie<\/strong>, que ce soit apr\u00e8s une blessure, une maladie, ou face \u00e0 des troubles chroniques, en proposant des strat\u00e9gies et des adaptations pour mieux g\u00e9rer les activit\u00e9s courantes, l&rsquo;environnement de travail, ou le domicile.<\/p>\n\n\n\n<div class=\"wp-block-buttons is-layout-flex wp-block-buttons-is-layout-flex\">\n<div class=\"wp-block-button has-custom-font-size has-outfit-font-family\" style=\"font-size:clamp(14px, 0.875rem + ((1vw - 3.2px) * 0.455), 18px);\"><a class=\"wp-block-button__link has-text-color has-background has-link-color wp-element-button\" href=\"#\" style=\"border-radius:0px;color:#ffffff;background-color:#528d8e;padding-top:8px;padding-right:60px;padding-bottom:8px;padding-left:60px\">Discover More<\/a><\/div>\n<\/div>\n<\/div>\n<\/div>\n\n\n\n<div class=\"wp-block-columns alignwide is-layout-flex wp-container-core-columns-is-layout-f9472849 wp-block-columns-is-layout-flex\" style=\"padding-top:80px;padding-bottom:80px\">\n<div class=\"wp-block-column is-vertically-aligned-center is-layout-flow wp-block-column-is-layout-flow\" style=\"padding-right:15px\">\n<h2 class=\"wp-block-heading has-text-color has-link-color has-suranna-font-family wp-elements-424b1a1eee56f9dac84b99356f3a2326\" style=\"color:#000000;font-size:clamp(32.518px, 2.032rem + ((1vw - 3.2px) * 2.896), 58px);font-style:normal;font-weight:500;line-height:0.7\">Adolescent Assist<\/h2>\n\n\n\n<p class=\"has-text-color has-link-color has-outfit-font-family wp-elements-78b4f9bb100a7e1ff919525937c53861\" style=\"color:#000000;font-size:clamp(14px, 0.875rem + ((1vw - 3.2px) * 0.455), 18px);font-style:normal;font-weight:400\">Un ergoth\u00e9rapeute intervient aupr\u00e8s des adultes de mani\u00e8re personnalis\u00e9e, en fonction des besoins sp\u00e9cifiques de chaque personne, pour am\u00e9liorer leur autonomie dans les activit\u00e9s de la vie quotidienne, professionnelle, ou sociale. Il intervient donc de mani\u00e8re globale, en tenant compte \u00e0 la fois des besoins fonctionnels, environnementaux, et psychologiques pour am\u00e9liorer la qualit\u00e9 de vie de l\u2019adulte.<\/p>\n\n\n\n<div class=\"wp-block-buttons is-layout-flex wp-block-buttons-is-layout-flex\">\n<div class=\"wp-block-button has-custom-font-size has-outfit-font-family\" style=\"font-size:clamp(14px, 0.875rem + ((1vw - 3.2px) * 0.455), 18px);\"><a class=\"wp-block-button__link has-text-color has-background has-link-color wp-element-button\" href=\"#\" style=\"border-radius:0px;color:#ffffff;background-color:#528d8e;padding-top:8px;padding-right:60px;padding-bottom:8px;padding-left:60px\">Get Started<\/a><\/div>\n<\/div>\n<\/div>\n\n\n\n<div class=\"wp-block-column is-layout-flow wp-block-column-is-layout-flow\">\n<figure class=\"wp-block-image size-full\"><img loading=\"lazy\" decoding=\"async\" width=\"1920\" height=\"1280\" src=\"https:\/\/ergo-vannes.fr\/wp-content\/uploads\/2024\/04\/femme-agee-cuisine.jpg\" alt=\"\" class=\"wp-image-102\" style=\"aspect-ratio:4\/3;object-fit:cover\" srcset=\"https:\/\/ergo-vannes.fr\/wp-content\/uploads\/2024\/04\/femme-agee-cuisine.jpg 1920w, https:\/\/ergo-vannes.fr\/wp-content\/uploads\/2024\/04\/femme-agee-cuisine-300x200.jpg 300w, https:\/\/ergo-vannes.fr\/wp-content\/uploads\/2024\/04\/femme-agee-cuisine-1024x683.jpg 1024w, https:\/\/ergo-vannes.fr\/wp-content\/uploads\/2024\/04\/femme-agee-cuisine-768x512.jpg 768w, https:\/\/ergo-vannes.fr\/wp-content\/uploads\/2024\/04\/femme-agee-cuisine-1536x1024.jpg 1536w\" sizes=\"auto, (max-width: 1920px) 100vw, 1920px\" \/><\/figure>\n<\/div>\n<\/div>\n\n\n\n<div class=\"wp-block-columns alignwide is-layout-flex wp-container-core-columns-is-layout-9cf8123d wp-block-columns-is-layout-flex\">\n<div class=\"wp-block-column is-layout-flow wp-block-column-is-layout-flow\">\n<figure class=\"wp-block-image size-large\"><img loading=\"lazy\" decoding=\"async\" width=\"1024\" height=\"682\" src=\"https:\/\/ergo-vannes.fr\/wp-content\/uploads\/2024\/04\/adultes-photos-1024x682.jpg\" alt=\"\" class=\"wp-image-103\" style=\"aspect-ratio:4\/3;object-fit:cover\" srcset=\"https:\/\/ergo-vannes.fr\/wp-content\/uploads\/2024\/04\/adultes-photos-1024x682.jpg 1024w, https:\/\/ergo-vannes.fr\/wp-content\/uploads\/2024\/04\/adultes-photos-300x200.jpg 300w, https:\/\/ergo-vannes.fr\/wp-content\/uploads\/2024\/04\/adultes-photos-768x512.jpg 768w, https:\/\/ergo-vannes.fr\/wp-content\/uploads\/2024\/04\/adultes-photos.jpg 1280w\" sizes=\"auto, (max-width: 1024px) 100vw, 1024px\" \/><\/figure>\n<\/div>\n\n\n\n<div class=\"wp-block-column is-vertically-aligned-center is-layout-flow wp-block-column-is-layout-flow\" style=\"padding-left:15px\">\n<h2 class=\"wp-block-heading has-text-color has-link-color has-suranna-font-family wp-elements-6aded680e08a578caa13bb7bcffe7206\" style=\"color:#000000;font-size:clamp(32.518px, 2.032rem + ((1vw - 3.2px) * 2.896), 58px);font-style:normal;font-weight:500;line-height:0.7\">Son intervention<\/h2>\n\n\n\n<p class=\"has-text-color has-link-color has-outfit-font-family wp-elements-ccf97b5326867323b48816a70232dc16\" style=\"color:#000000;font-size:clamp(14px, 0.875rem + ((1vw - 3.2px) * 0.455), 18px);font-style:normal;font-weight:400\"><\/p>\n\n\n\n<ol class=\"wp-block-list\">\n<li><strong>\u00c9valuation des besoins <\/strong>: L&rsquo;ergoth\u00e9rapeute commence par une \u00e9valuation approfondie des difficult\u00e9s de l\u2019adulte, qu&rsquo;elles soient d&rsquo;ordre moteur, sensoriel, cognitif, ou psychosocial. Cela inclut l&rsquo;observation des activit\u00e9s courantes (se d\u00e9placer, cuisiner, travailler, etc.) et l&rsquo;analyse de l&rsquo;environnement de vie ou de travail.<\/li>\n\n\n\n<li>Mise en place d&rsquo;un plan d\u2019intervention personnalis\u00e9 : Apr\u00e8s l&rsquo;\u00e9valuation, l\u2019ergoth\u00e9rapeute \u00e9labore un programme individualis\u00e9 pour r\u00e9pondre aux besoins identifi\u00e9s. Ce plan peut inclure :\n<ul class=\"wp-block-list\">\n<li><strong>R\u00e9\u00e9ducation<\/strong> pour am\u00e9liorer les fonctions alt\u00e9r\u00e9es (motricit\u00e9 fine, coordination).<\/li>\n\n\n\n<li><strong>Entra\u00eenement \u00e0 l&rsquo;utilisation d&rsquo;aides techniques<\/strong> (fauteuil roulant, outils adapt\u00e9s pour la maison ou le travail).<\/li>\n\n\n\n<li><strong>Am\u00e9nagement de l&rsquo;environnement<\/strong> (adaptation du domicile ou du poste de travail pour faciliter les gestes quotidiens).<\/li>\n\n\n\n<li><strong>Conseils en ergonomie<\/strong> pour \u00e9viter des douleurs ou des blessures li\u00e9es \u00e0 des postures ou mouvements inappropri\u00e9s.<\/li>\n<\/ul>\n<\/li>\n\n\n\n<li><strong>Accompagnement et suivi <\/strong>: L&rsquo;ergoth\u00e9rapeute accompagne l\u2019adulte dans l\u2019application des strat\u00e9gies et des adaptations mises en place, avec un suivi r\u00e9gulier pour ajuster les interventions en fonction des progr\u00e8s ou des changements de situation. <\/li>\n<\/ol>\n\n\n\n<p class=\"has-text-color has-link-color has-outfit-font-family wp-elements-ccf97b5326867323b48816a70232dc16\" style=\"color:#000000;font-size:clamp(14px, 0.875rem + ((1vw - 3.2px) * 0.455), 18px);font-style:normal;font-weight:400\"><\/p>\n\n\n\n<div class=\"wp-block-buttons is-layout-flex wp-block-buttons-is-layout-flex\">\n<div class=\"wp-block-button has-custom-font-size has-outfit-font-family\" style=\"font-size:clamp(14px, 0.875rem + ((1vw - 3.2px) * 0.455), 18px);\"><a class=\"wp-block-button__link has-text-color has-background has-link-color wp-element-button\" href=\"#\" style=\"border-radius:0px;color:#ffffff;background-color:#528d8e;padding-top:8px;padding-right:60px;padding-bottom:8px;padding-left:60px\">Learn More<\/a><\/div>\n<\/div>\n<\/div>\n<\/div>\n<\/div>\n<\/div>\n\n\n\n<section class=\"wp-block-cover alignfull is-light\" style=\"margin-top:0px;padding-top:1.01rem;padding-bottom:1.01rem;min-height:750px;aspect-ratio:unset;\"><span aria-hidden=\"true\" class=\"wp-block-cover__background has-background-dim-0 has-background-dim\" style=\"background-color:#edf1f2\"><\/span><img decoding=\"async\" class=\"wp-block-cover__image-background wp-image-718\" alt=\"\" src=\"https:\/\/tyler.com\/wp-content\/uploads\/2023\/11\/view-banner3.jpg\" style=\"object-position:50% 49%\" data-object-fit=\"cover\" data-object-position=\"50% 49%\"\/><div class=\"wp-block-cover__inner-container has-global-padding is-layout-constrained wp-container-core-cover-is-layout-08e95c49 wp-block-cover-is-layout-constrained\">\n<div class=\"wp-block-group is-vertical is-content-justification-center is-nowrap is-layout-flex wp-container-core-group-is-layout-36c4bdba wp-block-group-is-layout-flex\" style=\"margin-top:0px;padding-top:0rem;padding-right:1rem;padding-bottom:0rem;padding-left:1rem;font-size:clamp(0.875rem, 0.875rem + ((1vw - 0.2rem) * 0.464), 1.13rem);font-style:normal;font-weight:400;line-height:1.4\">\n<div class=\"wp-block-group has-background has-global-padding is-layout-constrained wp-container-core-group-is-layout-1a95df51 wp-block-group-is-layout-constrained\" style=\"background-color:#fffffd;padding-top:4.21rem;padding-right:2.51rem;padding-bottom:4.51rem;padding-left:2.51rem\">\n<h2 class=\"wp-block-heading has-text-align-center has-text-color\" style=\"color:#010101;margin-bottom:0rem;font-size:clamp(1.888rem, 1.888rem + ((1vw - 0.2rem) * 2.585), 3.31rem);font-style:normal;font-weight:400;line-height:1.2\">Happy Clients<\/h2>\n\n\n\n<p class=\"has-text-align-center has-text-color\" style=\"color:#010101;font-size:clamp(0.875rem, 0.875rem + ((1vw - 0.2rem) * 0.609), 1.21rem);line-height:1.5\">Life-changing experience! The care and support I received from the team at this practice were exceptional. Their dedication and expertise helped me regain independence and confidence in my daily life. Highly recommend!<\/p>\n\n\n\n<p class=\"has-text-align-center has-text-color has-link-color wp-elements-8558cbca13cc24df6c09006f7d921732\" style=\"color:#000000;margin-top:2.01rem;font-size:clamp(0.879rem, 0.879rem + ((1vw - 0.2rem) * 0.784), 1.31rem);font-style:normal;font-weight:500;text-transform:uppercase\">Sarah K.<\/p>\n<\/div>\n<\/div>\n<\/div><\/section>\n\n\n\n<p><\/p>\n","protected":false},"excerpt":{"rendered":"<p>Adultes Consulter un ergoth\u00e9rapeute \u00e0 l&rsquo;\u00e2ge adulte peut \u00eatre utile pour surmonter des difficult\u00e9s li\u00e9es \u00e0 la mobilit\u00e9 ou des troubles cognitifs qui affectent la vie quotidienne ou professionnelle. L&rsquo;ergoth\u00e9rapie aide \u00e0 retrouver ou maintenir l&rsquo;autonomie, que ce soit apr\u00e8s une blessure, une maladie, ou face \u00e0 des troubles chroniques, en proposant des strat\u00e9gies et [&hellip;]<\/p>\n","protected":false},"author":3,"featured_media":0,"parent":0,"menu_order":0,"comment_status":"closed","ping_status":"closed","template":"","meta":{"inline_featured_image":false,"footnotes":""},"class_list":["post-26","page","type-page","status-publish","hentry"],"_links":{"self":[{"href":"https:\/\/ergo-vannes.fr\/index.php\/wp-json\/wp\/v2\/pages\/26","targetHints":{"allow":["GET"]}}],"collection":[{"href":"https:\/\/ergo-vannes.fr\/index.php\/wp-json\/wp\/v2\/pages"}],"about":[{"href":"https:\/\/ergo-vannes.fr\/index.php\/wp-json\/wp\/v2\/types\/page"}],"author":[{"embeddable":true,"href":"https:\/\/ergo-vannes.fr\/index.php\/wp-json\/wp\/v2\/users\/3"}],"replies":[{"embeddable":true,"href":"https:\/\/ergo-vannes.fr\/index.php\/wp-json\/wp\/v2\/comments?post=26"}],"version-history":[{"count":6,"href":"https:\/\/ergo-vannes.fr\/index.php\/wp-json\/wp\/v2\/pages\/26\/revisions"}],"predecessor-version":[{"id":203,"href":"https:\/\/ergo-vannes.fr\/index.php\/wp-json\/wp\/v2\/pages\/26\/revisions\/203"}],"wp:attachment":[{"href":"https:\/\/ergo-vannes.fr\/index.php\/wp-json\/wp\/v2\/media?parent=26"}],"curies":[{"name":"wp","href":"https:\/\/api.w.org\/{rel}","templated":true}]}}