{"id":24,"date":"2024-03-29T11:06:11","date_gmt":"2024-03-29T10:06:11","guid":{"rendered":"https:\/\/ergo-vannes.fr\/?page_id=24"},"modified":"2024-10-15T15:46:22","modified_gmt":"2024-10-15T13:46:22","slug":"enfants","status":"publish","type":"page","link":"https:\/\/ergo-vannes.fr\/index.php\/enfants\/","title":{"rendered":"Enfants"},"content":{"rendered":"\n<div class=\"wp-block-cover alignfull is-light\" style=\"min-height:350px;aspect-ratio:unset;\"><span aria-hidden=\"true\" class=\"wp-block-cover__background has-background-dim\"><\/span><img loading=\"lazy\" decoding=\"async\" width=\"2560\" height=\"1920\" class=\"wp-block-cover__image-background wp-image-97\" alt=\"\" src=\"https:\/\/ergo-vannes.fr\/wp-content\/uploads\/2024\/04\/IMG_20210506_104642-scaled.jpg\" data-object-fit=\"cover\" srcset=\"https:\/\/ergo-vannes.fr\/wp-content\/uploads\/2024\/04\/IMG_20210506_104642-scaled.jpg 2560w, https:\/\/ergo-vannes.fr\/wp-content\/uploads\/2024\/04\/IMG_20210506_104642-300x225.jpg 300w, https:\/\/ergo-vannes.fr\/wp-content\/uploads\/2024\/04\/IMG_20210506_104642-1024x768.jpg 1024w, https:\/\/ergo-vannes.fr\/wp-content\/uploads\/2024\/04\/IMG_20210506_104642-768x576.jpg 768w, https:\/\/ergo-vannes.fr\/wp-content\/uploads\/2024\/04\/IMG_20210506_104642-1536x1152.jpg 1536w, https:\/\/ergo-vannes.fr\/wp-content\/uploads\/2024\/04\/IMG_20210506_104642-2048x1536.jpg 2048w\" sizes=\"auto, (max-width: 2560px) 100vw, 2560px\" \/><div class=\"wp-block-cover__inner-container has-global-padding is-layout-constrained wp-container-core-cover-is-layout-4383d167 wp-block-cover-is-layout-constrained\">\n<h2 class=\"wp-block-heading has-text-align-center has-text-color has-link-color has-suranna-font-family wp-elements-669a1f31497904ad1df5b9fdbdf54a3c\" style=\"color:#ffffff;font-size:clamp(33.419px, 2.089rem + ((1vw - 3.2px) * 3.021), 60px);font-style:normal;font-weight:500\">Revitalisez<\/h2>\n<\/div><\/div>\n\n\n\n<div class=\"wp-block-group alignfull has-global-padding is-layout-constrained wp-container-core-group-is-layout-4383d167 wp-block-group-is-layout-constrained\">\n<div class=\"wp-block-group alignwide has-global-padding is-layout-constrained wp-container-core-group-is-layout-3dead192 wp-block-group-is-layout-constrained\" style=\"margin-top:0;margin-bottom:0;padding-top:80px;padding-bottom:80px\">\n<div class=\"wp-block-columns alignwide is-layout-flex wp-container-core-columns-is-layout-9cf8123d wp-block-columns-is-layout-flex\">\n<div class=\"wp-block-column is-layout-flow wp-block-column-is-layout-flow\">\n<figure class=\"wp-block-image size-large\"><img loading=\"lazy\" decoding=\"async\" width=\"683\" height=\"1024\" src=\"https:\/\/ergo-vannes.fr\/wp-content\/uploads\/2024\/04\/pexels-cottonbro-studio-3662630-683x1024.jpg\" alt=\"\" class=\"wp-image-89\" style=\"aspect-ratio:4\/3;object-fit:cover\" srcset=\"https:\/\/ergo-vannes.fr\/wp-content\/uploads\/2024\/04\/pexels-cottonbro-studio-3662630-683x1024.jpg 683w, https:\/\/ergo-vannes.fr\/wp-content\/uploads\/2024\/04\/pexels-cottonbro-studio-3662630-200x300.jpg 200w, https:\/\/ergo-vannes.fr\/wp-content\/uploads\/2024\/04\/pexels-cottonbro-studio-3662630-768x1152.jpg 768w, https:\/\/ergo-vannes.fr\/wp-content\/uploads\/2024\/04\/pexels-cottonbro-studio-3662630-1024x1536.jpg 1024w, https:\/\/ergo-vannes.fr\/wp-content\/uploads\/2024\/04\/pexels-cottonbro-studio-3662630-1365x2048.jpg 1365w, https:\/\/ergo-vannes.fr\/wp-content\/uploads\/2024\/04\/pexels-cottonbro-studio-3662630-scaled.jpg 1707w\" sizes=\"auto, (max-width: 683px) 100vw, 683px\" \/><\/figure>\n<\/div>\n\n\n\n<div class=\"wp-block-column is-vertically-aligned-center is-layout-flow wp-block-column-is-layout-flow\" style=\"padding-left:15px\">\n<h2 class=\"wp-block-heading has-text-color has-link-color has-suranna-font-family wp-elements-985959f8b8a45ee57540678873fcd38d\" style=\"color:#000000;font-size:clamp(32.518px, 2.032rem + ((1vw - 3.2px) * 2.896), 58px);font-style:normal;font-weight:500;line-height:0.7\">Avec les enfants<\/h2>\n\n\n\n<p class=\"has-text-color has-link-color has-outfit-font-family wp-elements-339c63ae1a9ef53fc8f98492a07f04ac\" style=\"color:#000000;font-size:clamp(14px, 0.875rem + ((1vw - 3.2px) * 0.455), 18px);font-style:normal;font-weight:400\">L&rsquo;ergoth\u00e9rapie aupr\u00e8s des enfants aide \u00e0 d\u00e9velopper leur autonomie en intervenant sur les difficult\u00e9s motrices, sensorielles ou cognitives qui peuvent affecter leur quotidien, \u00e0 la maison comme \u00e0 l&rsquo;\u00e9cole ou dans les jeux. Elle vise \u00e0 leur offrir des outils et des strat\u00e9gies adapt\u00e9es pour faciliter leur apprentissage et leur participation aux activit\u00e9s de la vie quotidienne.<\/p>\n\n\n\n<div class=\"wp-block-buttons is-layout-flex wp-block-buttons-is-layout-flex\">\n<div class=\"wp-block-button has-custom-font-size has-outfit-font-family\" style=\"font-size:clamp(14px, 0.875rem + ((1vw - 3.2px) * 0.455), 18px);\"><a class=\"wp-block-button__link has-text-color has-background has-link-color wp-element-button\" href=\"#\" style=\"border-radius:0px;color:#ffffff;background-color:#528d8e;padding-top:8px;padding-right:60px;padding-bottom:8px;padding-left:60px\">En savoir plus<\/a><\/div>\n<\/div>\n<\/div>\n<\/div>\n\n\n\n<div class=\"wp-block-columns alignwide is-layout-flex wp-container-core-columns-is-layout-f9472849 wp-block-columns-is-layout-flex\" style=\"padding-top:80px;padding-bottom:80px\">\n<div class=\"wp-block-column is-vertically-aligned-center is-layout-flow wp-block-column-is-layout-flow\" style=\"padding-right:15px\">\n<h2 class=\"wp-block-heading has-text-color has-link-color has-suranna-font-family wp-elements-b2ffadf844c801ad189a59cbacd28047\" style=\"color:#000000;font-size:clamp(32.518px, 2.032rem + ((1vw - 3.2px) * 2.896), 58px);font-style:normal;font-weight:500;line-height:0.7\">Avec les adolescents<\/h2>\n\n\n\n<p class=\"has-text-color has-link-color has-outfit-font-family wp-elements-bb8882b93271623b4513978c75f5449b\" style=\"color:#000000;font-size:clamp(14px, 0.875rem + ((1vw - 3.2px) * 0.455), 18px);font-style:normal;font-weight:400\">L&rsquo;ergoth\u00e9rapie aide les adolescents en leur offrant des outils et des strat\u00e9gies pour surmonter les difficult\u00e9s li\u00e9es \u00e0 des troubles moteurs, cognitifs, ou sensoriels, qui peuvent impacter leur vie quotidienne et scolaire. Elle favorise l&rsquo;autonomie, la confiance en soi et la gestion des activit\u00e9s essentielles, telles que l&rsquo;organisation des t\u00e2ches scolaires, la socialisation, ou la pr\u00e9paration \u00e0 la vie adulte.<\/p>\n\n\n\n<div class=\"wp-block-buttons is-layout-flex wp-block-buttons-is-layout-flex\">\n<div class=\"wp-block-button has-custom-font-size has-outfit-font-family\" style=\"font-size:clamp(14px, 0.875rem + ((1vw - 3.2px) * 0.455), 18px);\"><a class=\"wp-block-button__link has-text-color has-background has-link-color wp-element-button\" href=\"#\" style=\"border-radius:0px;color:#ffffff;background-color:#528d8e;padding-top:8px;padding-right:60px;padding-bottom:8px;padding-left:60px\">Commencer<\/a><\/div>\n<\/div>\n<\/div>\n\n\n\n<div class=\"wp-block-column is-layout-flow wp-block-column-is-layout-flow\">\n<figure class=\"wp-block-image size-full\"><img loading=\"lazy\" decoding=\"async\" width=\"1920\" height=\"1280\" src=\"https:\/\/ergo-vannes.fr\/wp-content\/uploads\/2024\/04\/Fille-ordinateur.jpg\" alt=\"\" class=\"wp-image-92\" style=\"aspect-ratio:4\/3;object-fit:cover\" srcset=\"https:\/\/ergo-vannes.fr\/wp-content\/uploads\/2024\/04\/Fille-ordinateur.jpg 1920w, https:\/\/ergo-vannes.fr\/wp-content\/uploads\/2024\/04\/Fille-ordinateur-300x200.jpg 300w, https:\/\/ergo-vannes.fr\/wp-content\/uploads\/2024\/04\/Fille-ordinateur-1024x683.jpg 1024w, https:\/\/ergo-vannes.fr\/wp-content\/uploads\/2024\/04\/Fille-ordinateur-768x512.jpg 768w, https:\/\/ergo-vannes.fr\/wp-content\/uploads\/2024\/04\/Fille-ordinateur-1536x1024.jpg 1536w\" sizes=\"auto, (max-width: 1920px) 100vw, 1920px\" \/><\/figure>\n<\/div>\n<\/div>\n\n\n\n<div class=\"wp-block-columns alignwide is-layout-flex wp-container-core-columns-is-layout-9cf8123d wp-block-columns-is-layout-flex\">\n<div class=\"wp-block-column is-layout-flow wp-block-column-is-layout-flow\">\n<figure class=\"wp-block-image size-large\"><img loading=\"lazy\" decoding=\"async\" width=\"1024\" height=\"682\" src=\"https:\/\/ergo-vannes.fr\/wp-content\/uploads\/2024\/04\/fauteuil-roulant-1024x682.jpg\" alt=\"\" class=\"wp-image-93\" style=\"aspect-ratio:4\/3;object-fit:cover\" srcset=\"https:\/\/ergo-vannes.fr\/wp-content\/uploads\/2024\/04\/fauteuil-roulant-1024x682.jpg 1024w, https:\/\/ergo-vannes.fr\/wp-content\/uploads\/2024\/04\/fauteuil-roulant-300x200.jpg 300w, https:\/\/ergo-vannes.fr\/wp-content\/uploads\/2024\/04\/fauteuil-roulant-768x512.jpg 768w, https:\/\/ergo-vannes.fr\/wp-content\/uploads\/2024\/04\/fauteuil-roulant.jpg 1280w\" sizes=\"auto, (max-width: 1024px) 100vw, 1024px\" \/><\/figure>\n<\/div>\n\n\n\n<div class=\"wp-block-column is-vertically-aligned-center is-layout-flow wp-block-column-is-layout-flow\" style=\"padding-left:15px\">\n<h2 class=\"wp-block-heading has-text-color has-link-color has-suranna-font-family wp-elements-36816a94b223f262ace79d00e813221f\" style=\"color:#000000;font-size:clamp(32.518px, 2.032rem + ((1vw - 3.2px) * 2.896), 58px);font-style:normal;font-weight:500;line-height:0.7\">Soins aux adultes<\/h2>\n\n\n\n<p class=\"has-text-color has-link-color has-outfit-font-family wp-elements-e833568bb2ad0fa26da3161b866057d3\" style=\"color:#000000;font-size:clamp(14px, 0.875rem + ((1vw - 3.2px) * 0.455), 18px);font-style:normal;font-weight:400\">Le programme de soins pour adultes est un programme complet con\u00e7u pour aider les adultes \u00e0 retrouver leur ind\u00e9pendance et \u00e0 am\u00e9liorer leur qualit\u00e9 de vie. Nos ergoth\u00e9rapeutes exp\u00e9riment\u00e9s travaillent en \u00e9troite collaboration avec chaque personne pour r\u00e9pondre \u00e0 ses besoins et objectifs sp\u00e9cifiques, qu&rsquo;il s&rsquo;agisse de se remettre d&rsquo;une blessure, de g\u00e9rer une maladie chronique ou de s&rsquo;adapter aux changements li\u00e9s \u00e0 l&rsquo;\u00e2ge. Nous mettons l&rsquo;accent sur l&rsquo;am\u00e9lioration des capacit\u00e9s fonctionnelles, la promotion des comp\u00e9tences en mati\u00e8re d&rsquo;autosoins et l&rsquo;\u00e9laboration de strat\u00e9gies pour surmonter les d\u00e9fis quotidiens. Notre approche personnalis\u00e9e vise \u00e0 permettre aux adultes de s&rsquo;engager dans des activit\u00e9s utiles, de maintenir leur ind\u00e9pendance et de participer aux r\u00f4les et responsabilit\u00e9s qu&rsquo;ils souhaitent assumer. Rejoignez-nous pour retrouver votre ind\u00e9pendance et am\u00e9liorer votre bien-\u00eatre gr\u00e2ce aux soins pour adultes !<\/p>\n\n\n\n<div class=\"wp-block-buttons is-layout-flex wp-block-buttons-is-layout-flex\">\n<div class=\"wp-block-button has-custom-font-size has-outfit-font-family\" style=\"font-size:clamp(14px, 0.875rem + ((1vw - 3.2px) * 0.455), 18px);\"><a class=\"wp-block-button__link has-text-color has-background has-link-color wp-element-button\" href=\"#\" style=\"border-radius:0px;color:#ffffff;background-color:#528d8e;padding-top:8px;padding-right:60px;padding-bottom:8px;padding-left:60px\">En savoir plus<\/a><\/div>\n<\/div>\n<\/div>\n<\/div>\n<\/div>\n<\/div>\n\n\n\n<section class=\"wp-block-cover alignfull is-light\" style=\"margin-top:0px;padding-top:1.01rem;padding-bottom:1.01rem;min-height:750px;aspect-ratio:unset;\"><span aria-hidden=\"true\" class=\"wp-block-cover__background has-background-dim-0 has-background-dim\" style=\"background-color:#edf1f2\"><\/span><img decoding=\"async\" class=\"wp-block-cover__image-background wp-image-718\" alt=\"\" src=\"https:\/\/tyler.com\/wp-content\/uploads\/2023\/11\/view-banner3.jpg\" style=\"object-position:50% 49%\" data-object-fit=\"cover\" data-object-position=\"50% 49%\"\/><div class=\"wp-block-cover__inner-container has-global-padding is-layout-constrained wp-container-core-cover-is-layout-08e95c49 wp-block-cover-is-layout-constrained\">\n<div class=\"wp-block-group is-vertical is-content-justification-center is-nowrap is-layout-flex wp-container-core-group-is-layout-36c4bdba wp-block-group-is-layout-flex\" style=\"margin-top:0px;padding-top:0rem;padding-right:1rem;padding-bottom:0rem;padding-left:1rem;font-size:clamp(0.875rem, 0.875rem + ((1vw - 0.2rem) * 0.464), 1.13rem);font-style:normal;font-weight:400;line-height:1.4\">\n<div class=\"wp-block-group has-background has-global-padding is-layout-constrained wp-container-core-group-is-layout-1a95df51 wp-block-group-is-layout-constrained\" style=\"background-color:#fffffd;padding-top:4.21rem;padding-right:2.51rem;padding-bottom:4.51rem;padding-left:2.51rem\">\n<h2 class=\"wp-block-heading has-text-align-center has-text-color\" style=\"color:#010101;margin-bottom:0rem;font-size:clamp(1.888rem, 1.888rem + ((1vw - 0.2rem) * 2.585), 3.31rem);font-style:normal;font-weight:400;line-height:1.2\">Clients satisfaits<\/h2>\n\n\n\n<p class=\"has-text-align-center has-text-color\" style=\"color:#010101;font-size:clamp(0.875rem, 0.875rem + ((1vw - 0.2rem) * 0.609), 1.21rem);line-height:1.5\">Une exp\u00e9rience qui change la vie ! Les soins et le soutien que j&rsquo;ai re\u00e7us de l&rsquo;\u00e9quipe de ce cabinet ont \u00e9t\u00e9 exceptionnels. Leur d\u00e9vouement et leur expertise m&rsquo;ont aid\u00e9 \u00e0 retrouver l&rsquo;ind\u00e9pendance et la confiance dans ma vie quotidienne. Je le recommande vivement !<\/p>\n\n\n\n<p class=\"has-text-align-center has-text-color has-link-color wp-elements-8558cbca13cc24df6c09006f7d921732\" style=\"color:#000000;margin-top:2.01rem;font-size:clamp(0.879rem, 0.879rem + ((1vw - 0.2rem) * 0.784), 1.31rem);font-style:normal;font-weight:500;text-transform:uppercase\">Sarah K.<\/p>\n<\/div>\n<\/div>\n<\/div><\/section>\n\n\n\n<p><\/p>\n","protected":false},"excerpt":{"rendered":"<p>Avec les enfants L&rsquo;ergoth\u00e9rapie aupr\u00e8s des enfants aide \u00e0 d\u00e9velopper leur autonomie en intervenant sur les difficult\u00e9s motrices, sensorielles ou cognitives qui peuvent affecter leur quotidien, \u00e0 la maison comme \u00e0 l&rsquo;\u00e9cole ou dans les jeux. Elle vise \u00e0 leur offrir des outils et des strat\u00e9gies adapt\u00e9es pour faciliter leur apprentissage et leur participation aux [&hellip;]<\/p>\n","protected":false},"author":3,"featured_media":0,"parent":0,"menu_order":0,"comment_status":"closed","ping_status":"closed","template":"","meta":{"inline_featured_image":false,"footnotes":""},"class_list":["post-24","page","type-page","status-publish","hentry"],"_links":{"self":[{"href":"https:\/\/ergo-vannes.fr\/index.php\/wp-json\/wp\/v2\/pages\/24","targetHints":{"allow":["GET"]}}],"collection":[{"href":"https:\/\/ergo-vannes.fr\/index.php\/wp-json\/wp\/v2\/pages"}],"about":[{"href":"https:\/\/ergo-vannes.fr\/index.php\/wp-json\/wp\/v2\/types\/page"}],"author":[{"embeddable":true,"href":"https:\/\/ergo-vannes.fr\/index.php\/wp-json\/wp\/v2\/users\/3"}],"replies":[{"embeddable":true,"href":"https:\/\/ergo-vannes.fr\/index.php\/wp-json\/wp\/v2\/comments?post=24"}],"version-history":[{"count":8,"href":"https:\/\/ergo-vannes.fr\/index.php\/wp-json\/wp\/v2\/pages\/24\/revisions"}],"predecessor-version":[{"id":204,"href":"https:\/\/ergo-vannes.fr\/index.php\/wp-json\/wp\/v2\/pages\/24\/revisions\/204"}],"wp:attachment":[{"href":"https:\/\/ergo-vannes.fr\/index.php\/wp-json\/wp\/v2\/media?parent=24"}],"curies":[{"name":"wp","href":"https:\/\/api.w.org\/{rel}","templated":true}]}}