{"id":22,"date":"2024-03-29T11:04:50","date_gmt":"2024-03-29T10:04:50","guid":{"rendered":"https:\/\/ergo-vannes.fr\/?page_id=22"},"modified":"2024-04-02T18:05:45","modified_gmt":"2024-04-02T16:05:45","slug":"qui-sommes-nous","status":"publish","type":"page","link":"https:\/\/ergo-vannes.fr\/index.php\/qui-sommes-nous\/","title":{"rendered":"Qui sommes-nous ?"},"content":{"rendered":"\n<div class=\"wp-block-cover alignfull is-light\" style=\"min-height:350px;aspect-ratio:unset;\"><span aria-hidden=\"true\" class=\"wp-block-cover__background has-background-dim\"><\/span><img loading=\"lazy\" decoding=\"async\" width=\"1440\" height=\"2560\" class=\"wp-block-cover__image-background wp-image-85\" alt=\"\" src=\"https:\/\/ergo-vannes.fr\/wp-content\/uploads\/2024\/04\/20190120_164824-scaled.jpg\" data-object-fit=\"cover\" srcset=\"https:\/\/ergo-vannes.fr\/wp-content\/uploads\/2024\/04\/20190120_164824-scaled.jpg 1440w, https:\/\/ergo-vannes.fr\/wp-content\/uploads\/2024\/04\/20190120_164824-169x300.jpg 169w, https:\/\/ergo-vannes.fr\/wp-content\/uploads\/2024\/04\/20190120_164824-576x1024.jpg 576w, https:\/\/ergo-vannes.fr\/wp-content\/uploads\/2024\/04\/20190120_164824-768x1365.jpg 768w, https:\/\/ergo-vannes.fr\/wp-content\/uploads\/2024\/04\/20190120_164824-864x1536.jpg 864w, https:\/\/ergo-vannes.fr\/wp-content\/uploads\/2024\/04\/20190120_164824-1152x2048.jpg 1152w\" sizes=\"auto, (max-width: 1440px) 100vw, 1440px\" \/><div class=\"wp-block-cover__inner-container has-global-padding is-layout-constrained wp-container-core-cover-is-layout-4383d167 wp-block-cover-is-layout-constrained\">\n<h2 class=\"wp-block-heading has-text-align-center has-text-color has-link-color has-suranna-font-family wp-elements-73186c30fdadd1fbf3f7ca091bf2f1bd\" style=\"color:#ffffff;font-size:clamp(33.419px, 2.089rem + ((1vw - 3.2px) * 3.021), 60px);font-style:normal;font-weight:500\">Rencontrer notre \u00e9quipe<\/h2>\n<\/div><\/div>\n\n\n\n<div class=\"wp-block-cover alignfull is-light has-custom-body-text-color-color has-text-color\" style=\"margin-top:0;margin-bottom:0;padding-top:96px;padding-bottom:96px\"><span aria-hidden=\"true\" class=\"wp-block-cover__background has-white-background-color has-background-dim-100 has-background-dim\"><\/span><div class=\"wp-block-cover__inner-container has-global-padding is-layout-constrained wp-container-core-cover-is-layout-03e7e63e wp-block-cover-is-layout-constrained\">\n<div class=\"wp-block-columns is-layout-flex wp-container-core-columns-is-layout-49bfc11a wp-block-columns-is-layout-flex\" style=\"margin-bottom:80px\">\n<div class=\"wp-block-column is-layout-flow wp-block-column-is-layout-flow\">\n<figure class=\"wp-block-image alignleft size-full is-resized\"><img decoding=\"async\" src=\"https:\/\/tyler.com\/wp-content\/uploads\/2023\/11\/View-Team-2nd-Sec-Image.jpeg\" alt=\"\" class=\"wp-image-2485\" style=\"object-fit:cover;width:430px;height:undefinedpx\"\/><\/figure>\n<\/div>\n\n\n\n<div class=\"wp-block-column is-vertically-aligned-center is-layout-flow wp-block-column-is-layout-flow\" style=\"padding-left:0\">\n<p class=\"has-text-color has-outfit-font-family\" style=\"color:#000000;padding-bottom:20px;font-size:clamp(14px, 0.875rem + ((1vw - 3.2px) * 0.455), 18px);line-height:1;text-transform:uppercase\">Pediatric OT<\/p>\n\n\n\n<h3 class=\"wp-block-heading has-text-color has-suranna-font-family\" style=\"color:#000000;padding-bottom:20px;font-size:clamp(27.894px, 1.743rem + ((1vw - 3.2px) * 2.285), 48px);font-style:normal;font-weight:400;line-height:0.6\">Sophie Leclerc<\/h3>\n\n\n\n<p class=\"has-text-color has-outfit-font-family\" style=\"color:#000000;font-size:clamp(14px, 0.875rem + ((1vw - 3.2px) * 0.455), 18px);font-style:normal;font-weight:400;line-height:1.6\">En tant qu&rsquo;ergoth\u00e9rapeute p\u00e9diatrique, Sophie Leclerc apporte sa passion et son expertise \u00e0 notre \u00e9quipe. Soucieuse d&rsquo;aider les enfants \u00e0 atteindre leur plein potentiel, elle se consacre \u00e0 la cr\u00e9ation de plans th\u00e9rapeutiques personnalis\u00e9s qui font une r\u00e9elle diff\u00e9rence dans leur vie.<\/p>\n\n\n\n<p class=\"has-text-color has-link-color has-outfit-font-family wp-elements-59937bd1b439f51d297be5cd5431e81b\" style=\"color:#528d8e;font-size:clamp(14px, 0.875rem + ((1vw - 3.2px) * 0.455), 18px);line-height:1.6\"><a href=\"#\">Email<\/a>  \u2014  <a href=\"#\">LinkedIn<\/a>  \u2014  <a href=\"#\">Facebook<\/a><\/p>\n<\/div>\n<\/div>\n\n\n\n<div class=\"wp-block-columns is-layout-flex wp-container-core-columns-is-layout-49bfc11a wp-block-columns-is-layout-flex\" style=\"margin-bottom:80px\">\n<div class=\"wp-block-column is-vertically-aligned-center is-layout-flow wp-block-column-is-layout-flow\" style=\"padding-left:0\">\n<p class=\"has-text-color has-outfit-font-family\" style=\"color:#000000;padding-bottom:20px;font-size:clamp(14px, 0.875rem + ((1vw - 3.2px) * 0.455), 18px);line-height:1;text-transform:uppercase\">Adult OT<\/p>\n\n\n\n<h3 class=\"wp-block-heading has-text-color has-suranna-font-family\" style=\"color:#000000;padding-bottom:20px;font-size:clamp(27.894px, 1.743rem + ((1vw - 3.2px) * 2.285), 48px);font-style:normal;font-weight:400;line-height:0.6\">\u00c9milie Dubois<\/h3>\n\n\n\n<p class=\"has-text-color has-outfit-font-family\" style=\"color:#000000;font-size:clamp(14px, 0.875rem + ((1vw - 3.2px) * 0.455), 18px);font-style:normal;font-weight:400;line-height:1.6\">\u00c9milie Dubois, notre ergoth\u00e9rapeute pour adultes, se consacre \u00e0 donner \u00e0 ses clients les moyens de surmonter les difficult\u00e9s et de retrouver leur ind\u00e9pendance. Gr\u00e2ce \u00e0 sa connaissance approfondie de la r\u00e9adaptation des adultes, elle fournit des soins et un soutien personnalis\u00e9s, aidant les clients \u00e0 atteindre leurs objectifs et \u00e0 s&rsquo;\u00e9panouir dans leur vie quotidienne.<\/p>\n\n\n\n<p class=\"has-text-color has-link-color has-outfit-font-family wp-elements-59937bd1b439f51d297be5cd5431e81b\" style=\"color:#528d8e;font-size:clamp(14px, 0.875rem + ((1vw - 3.2px) * 0.455), 18px);line-height:1.6\"><a href=\"#\">Email<\/a>  \u2014  <a href=\"#\">LinkedIn<\/a>  \u2014  <a href=\"#\">Facebook<\/a><\/p>\n<\/div>\n\n\n\n<div class=\"wp-block-column is-layout-flow wp-block-column-is-layout-flow\">\n<figure class=\"wp-block-image alignright size-full is-resized\"><img decoding=\"async\" src=\"https:\/\/tyler.com\/wp-content\/uploads\/2023\/11\/View-Team-3rd-Sec-Image.jpeg\" alt=\"\" class=\"wp-image-2486\" style=\"aspect-ratio:3\/4;object-fit:cover;width:434px;height:undefinedpx\"\/><\/figure>\n<\/div>\n<\/div>\n\n\n\n<div class=\"wp-block-columns is-layout-flex wp-container-core-columns-is-layout-05864f54 wp-block-columns-is-layout-flex\" style=\"margin-bottom:80px\">\n<div class=\"wp-block-column is-layout-flow wp-block-column-is-layout-flow\">\n<figure class=\"wp-block-image size-full is-resized\"><img decoding=\"async\" src=\"https:\/\/tyler.com\/wp-content\/uploads\/2023\/11\/View-Team-4th-Sec-Image.jpeg\" alt=\"\" class=\"wp-image-2487\" style=\"aspect-ratio:3\/4;object-fit:cover;width:434px;height:undefinedpx\"\/><\/figure>\n<\/div>\n\n\n\n<div class=\"wp-block-column is-vertically-aligned-center is-layout-flow wp-block-column-is-layout-flow\" style=\"padding-left:0\">\n<p class=\"has-text-color has-outfit-font-family\" style=\"color:#000000;padding-bottom:20px;font-size:clamp(14px, 0.875rem + ((1vw - 3.2px) * 0.455), 18px);line-height:1;text-transform:uppercase\">Adolescent OT<\/p>\n\n\n\n<h3 class=\"wp-block-heading has-text-color has-suranna-font-family\" style=\"color:#000000;padding-bottom:20px;font-size:clamp(27.894px, 1.743rem + ((1vw - 3.2px) * 2.285), 48px);font-style:normal;font-weight:400;line-height:0.6\">L\u00e9a Martin<\/h3>\n\n\n\n<p class=\"has-text-color has-outfit-font-family\" style=\"color:#000000;font-size:clamp(14px, 0.875rem + ((1vw - 3.2px) * 0.455), 18px);font-style:normal;font-weight:400;line-height:1.6\">L\u00e9a Martin, our adolescent occupational therapist, is committed to guiding and supporting young individuals through their unique challenges. With a compassionate approach and tailored interventions, she empowers adolescents to develop essential life skills, fostering their independence and overall well-being.<\/p>\n\n\n\n<p class=\"has-text-color has-link-color has-outfit-font-family wp-elements-50ae3167c9225e214065c4e969ae7646\" style=\"color:#528d8e;font-size:clamp(14px, 0.875rem + ((1vw - 3.2px) * 0.455), 18px);line-height:1.6\"><a href=\"#\">Email<\/a>  \u2014  <a href=\"#\" data-type=\"page\" data-id=\"55\">LinkedIn<\/a>  \u2014  <a href=\"#\">Facebook<\/a><\/p>\n<\/div>\n<\/div>\n\n\n\n<div class=\"wp-block-columns is-layout-flex wp-container-core-columns-is-layout-28f84493 wp-block-columns-is-layout-flex\">\n<div class=\"wp-block-column is-vertically-aligned-center is-layout-flow wp-block-column-is-layout-flow\" style=\"padding-left:0\">\n<p class=\"has-text-color has-outfit-font-family\" style=\"color:#000000;padding-bottom:20px;font-size:clamp(14px, 0.875rem + ((1vw - 3.2px) * 0.455), 18px);line-height:1;text-transform:uppercase\">Director<\/p>\n\n\n\n<h3 class=\"wp-block-heading has-text-color has-suranna-font-family\" style=\"color:#000000;padding-bottom:20px;font-size:clamp(27.894px, 1.743rem + ((1vw - 3.2px) * 2.285), 48px);font-style:normal;font-weight:400;line-height:0.6\">\u00c9tienne Lefebvre<\/h3>\n\n\n\n<p class=\"has-text-color has-outfit-font-family\" style=\"color:#000000;font-size:clamp(14px, 0.875rem + ((1vw - 3.2px) * 0.455), 18px);font-style:normal;font-weight:400;line-height:1.6\">\u00c9tienne Lefebvre, our esteemed director, brings extensive experience and leadership to our practice. With a strategic vision and unwavering dedication, he ensures the delivery of exceptional care and the continuous advancement of our services. His commitment to excellence drives our team to achieve outstanding results for our clients.<\/p>\n\n\n\n<p class=\"has-text-color has-link-color has-outfit-font-family wp-elements-59937bd1b439f51d297be5cd5431e81b\" style=\"color:#528d8e;font-size:clamp(14px, 0.875rem + ((1vw - 3.2px) * 0.455), 18px);line-height:1.6\"><a href=\"#\">Email<\/a>  \u2014  <a href=\"#\">LinkedIn<\/a>  \u2014  <a href=\"#\">Facebook<\/a><\/p>\n<\/div>\n\n\n\n<div class=\"wp-block-column is-layout-flow wp-block-column-is-layout-flow\">\n<figure class=\"wp-block-image alignright size-full is-resized\"><img decoding=\"async\" src=\"https:\/\/tyler.com\/wp-content\/uploads\/2023\/11\/View-Team-5th-Sec-Image.jpeg\" alt=\"\" class=\"wp-image-2488\" style=\"aspect-ratio:3\/4;object-fit:cover;width:434px;height:undefinedpx\"\/><\/figure>\n<\/div>\n<\/div>\n<\/div><\/div>\n\n\n\n<section class=\"wp-block-cover alignfull is-light\" style=\"margin-top:0px;padding-top:1.01rem;padding-bottom:1.01rem;min-height:650px;aspect-ratio:unset;\"><span aria-hidden=\"true\" class=\"wp-block-cover__background has-background-dim-0 has-background-dim\" style=\"background-color:#edf1f2\"><\/span><img loading=\"lazy\" decoding=\"async\" width=\"1280\" height=\"791\" class=\"wp-block-cover__image-background wp-image-87\" alt=\"\" src=\"https:\/\/ergo-vannes.fr\/wp-content\/uploads\/2024\/04\/balles-a-picots.jpg\" data-object-fit=\"cover\" srcset=\"https:\/\/ergo-vannes.fr\/wp-content\/uploads\/2024\/04\/balles-a-picots.jpg 1280w, https:\/\/ergo-vannes.fr\/wp-content\/uploads\/2024\/04\/balles-a-picots-300x185.jpg 300w, https:\/\/ergo-vannes.fr\/wp-content\/uploads\/2024\/04\/balles-a-picots-1024x633.jpg 1024w, https:\/\/ergo-vannes.fr\/wp-content\/uploads\/2024\/04\/balles-a-picots-768x475.jpg 768w\" sizes=\"auto, (max-width: 1280px) 100vw, 1280px\" \/><div class=\"wp-block-cover__inner-container has-global-padding is-layout-constrained wp-container-core-cover-is-layout-08e95c49 wp-block-cover-is-layout-constrained\">\n<div class=\"wp-block-group has-text-color is-layout-flow wp-block-group-is-layout-flow\" style=\"color:#fffffd;margin-top:0px;padding-top:0rem;padding-right:1rem;padding-bottom:0rem;padding-left:1rem;font-size:clamp(0.875rem, 0.875rem + ((1vw - 0.2rem) * 0.464), 1.13rem);font-style:normal;font-weight:400;line-height:1.4\">\n<div class=\"wp-block-group has-global-padding is-layout-constrained wp-container-core-group-is-layout-92ef7b19 wp-block-group-is-layout-constrained\">\n<h2 class=\"wp-block-heading has-text-align-center has-text-color\" style=\"color:#fffffd;margin-bottom:0rem;font-size:clamp(2.336rem, 2.336rem + ((1vw - 0.2rem) * 3.589), 4.31rem);font-style:normal;font-weight:400;line-height:1.2\">Prenez contact avec nous pour des soins personnalis\u00e9s<\/h2>\n<\/div>\n\n\n\n<div class=\"wp-block-group is-vertical is-content-justification-stretch is-nowrap is-layout-flex wp-container-core-group-is-layout-91171fc4 wp-block-group-is-layout-flex\" style=\"margin-top:1.51rem;padding-right:0px;padding-left:0px\">\n<div class=\"wp-block-group has-global-padding is-content-justification-center is-layout-constrained wp-container-core-group-is-layout-2f0bcb29 wp-block-group-is-layout-constrained\" style=\"margin-top:0px\">\n<div class=\"wp-block-buttons is-horizontal is-content-justification-right is-layout-flex wp-container-core-buttons-is-layout-099266fd wp-block-buttons-is-layout-flex\" style=\"margin-top:0.51rem\">\n<div class=\"wp-block-button has-custom-width wp-block-button__width-100 has-custom-font-size is-style-fill\" style=\"font-size:clamp(0.875rem, 0.875rem + ((1vw - 0.2rem) * 0.245), 1.01rem);font-style:normal;font-weight:600;line-height:1.5;text-transform:capitalize\"><a class=\"wp-block-button__link has-text-color has-background wp-element-button\" style=\"border-style:none;border-width:0px;border-radius:0rem;color:#fffffd;background-color:#528d8e;padding-top:0.81rem;padding-right:1rem;padding-bottom:0.81rem;padding-left:1rem\">Nous contacter<\/a><\/div>\n<\/div>\n<\/div>\n<\/div>\n<\/div>\n<\/div><\/section>\n\n\n\n<p><\/p>\n","protected":false},"excerpt":{"rendered":"","protected":false},"author":3,"featured_media":0,"parent":0,"menu_order":0,"comment_status":"closed","ping_status":"closed","template":"","meta":{"inline_featured_image":false,"footnotes":""},"class_list":["post-22","page","type-page","status-publish","hentry"],"_links":{"self":[{"href":"https:\/\/ergo-vannes.fr\/index.php\/wp-json\/wp\/v2\/pages\/22","targetHints":{"allow":["GET"]}}],"collection":[{"href":"https:\/\/ergo-vannes.fr\/index.php\/wp-json\/wp\/v2\/pages"}],"about":[{"href":"https:\/\/ergo-vannes.fr\/index.php\/wp-json\/wp\/v2\/types\/page"}],"author":[{"embeddable":true,"href":"https:\/\/ergo-vannes.fr\/index.php\/wp-json\/wp\/v2\/users\/3"}],"replies":[{"embeddable":true,"href":"https:\/\/ergo-vannes.fr\/index.php\/wp-json\/wp\/v2\/comments?post=22"}],"version-history":[{"count":7,"href":"https:\/\/ergo-vannes.fr\/index.php\/wp-json\/wp\/v2\/pages\/22\/revisions"}],"predecessor-version":[{"id":138,"href":"https:\/\/ergo-vannes.fr\/index.php\/wp-json\/wp\/v2\/pages\/22\/revisions\/138"}],"wp:attachment":[{"href":"https:\/\/ergo-vannes.fr\/index.php\/wp-json\/wp\/v2\/media?parent=22"}],"curies":[{"name":"wp","href":"https:\/\/api.w.org\/{rel}","templated":true}]}}